{"id":1293,"date":"2023-08-15T11:17:41","date_gmt":"2023-08-15T11:17:41","guid":{"rendered":"https:\/\/ortoger.pt\/?post_type=product&#038;p=1293"},"modified":"2025-02-08T17:55:53","modified_gmt":"2025-02-08T17:55:53","slug":"almofada-maxiconfort-ferradura","status":"publish","type":"product","link":"https:\/\/ortoger.pt\/?product=almofada-maxiconfort-ferradura","title":{"rendered":"Almofada maxiconfort ferradura"},"content":{"rendered":"<p>Almofada anti escara, previne o aparecimento de \u00falceras de press\u00e3o, pr\u00f3prias de corpos que permanecem im\u00f3veis durante longos per\u00edodos de tempo.<\/p>\n<p><strong>Carater\u00edsticas:<\/strong> Saniluxe,\u00a0 macio, transpir\u00e1vel e capa imperme\u00e1vel.<\/p>\n<p>Peso m\u00e1ximo: 110 kg.<\/p>\n<p>&nbsp;<\/p>\n","protected":false},"excerpt":{"rendered":"<p>Almofada anti escara, previne o aparecimento de \u00falceras de press\u00e3o, pr\u00f3prias de corpos que permanecem im\u00f3veis durante longos per\u00edodos de tempo. Carater\u00edsticas: Saniluxe,\u00a0 macio, transpir\u00e1vel e capa imperme\u00e1vel. Peso m\u00e1ximo: 110 kg. &nbsp;<\/p>\n","protected":false},"featured_media":1294,"comment_status":"closed","ping_status":"closed","template":"","meta":{"_acf_changed":false,"jetpack_post_was_ever_published":false,"jetpack_publicize_message":"","jetpack_publicize_feature_enabled":true,"jetpack_social_post_already_shared":true,"jetpack_social_options":{"image_generator_settings":{"template":"highway","default_image_id":0,"font":"","enabled":false},"version":2}},"product_brand":[],"product_cat":[780],"product_tag":[77,377,385,380],"class_list":{"0":"post-1293","1":"product","2":"type-product","3":"status-publish","4":"has-post-thumbnail","6":"product_cat-anti-escaras-e-posicionamento","7":"product_tag-almofada","8":"product_tag-impermeavel","9":"product_tag-macia","10":"product_tag-viscoelastica","12":"first","13":"instock","14":"shipping-taxable","15":"product-type-simple"},"acf":[],"jetpack_publicize_connections":[],"jetpack_sharing_enabled":true,"_links":{"self":[{"href":"https:\/\/ortoger.pt\/index.php?rest_route=\/wp\/v2\/product\/1293","targetHints":{"allow":["GET"]}}],"collection":[{"href":"https:\/\/ortoger.pt\/index.php?rest_route=\/wp\/v2\/product"}],"about":[{"href":"https:\/\/ortoger.pt\/index.php?rest_route=\/wp\/v2\/types\/product"}],"replies":[{"embeddable":true,"href":"https:\/\/ortoger.pt\/index.php?rest_route=%2Fwp%2Fv2%2Fcomments&post=1293"}],"wp:featuredmedia":[{"embeddable":true,"href":"https:\/\/ortoger.pt\/index.php?rest_route=\/wp\/v2\/media\/1294"}],"wp:attachment":[{"href":"https:\/\/ortoger.pt\/index.php?rest_route=%2Fwp%2Fv2%2Fmedia&parent=1293"}],"wp:term":[{"taxonomy":"product_brand","embeddable":true,"href":"https:\/\/ortoger.pt\/index.php?rest_route=%2Fwp%2Fv2%2Fproduct_brand&post=1293"},{"taxonomy":"product_cat","embeddable":true,"href":"https:\/\/ortoger.pt\/index.php?rest_route=%2Fwp%2Fv2%2Fproduct_cat&post=1293"},{"taxonomy":"product_tag","embeddable":true,"href":"https:\/\/ortoger.pt\/index.php?rest_route=%2Fwp%2Fv2%2Fproduct_tag&post=1293"}],"curies":[{"name":"wp","href":"https:\/\/api.w.org\/{rel}","templated":true}]}}