{"id":1287,"date":"2023-08-14T21:29:10","date_gmt":"2023-08-14T21:29:10","guid":{"rendered":"https:\/\/ortoger.pt\/?post_type=product&#038;p=1287"},"modified":"2025-02-08T17:56:53","modified_gmt":"2025-02-08T17:56:53","slug":"almofada-anti-escaras-evogel","status":"publish","type":"product","link":"https:\/\/ortoger.pt\/?product=almofada-anti-escaras-evogel","title":{"rendered":"Almofada anti escaras evogel"},"content":{"rendered":"<p>As almofadas anti escaras, previnem o aparecimento de ulceras de press\u00e3o, que surgem devido \u00e0 perman\u00eancia do corpo na mesma posi\u00e7\u00e3o durante longos per\u00edodos de tempo.<\/p>\n<p><strong>Indica\u00e7\u00e3o:<\/strong> Almofada de conforto e preven\u00e7\u00e3o de escaras.\u00a0 \u00a0 \u00a0 \u00a0 \u00a0 \u00a0 \u00a0 \u00a0 \u00a0 \u00a0 \u00a0 \u00a0 \u00a0 \u00a0 \u00a0 \u00a0 \u00a0 \u00a0 \u00a0 \u00a0 \u00a0 \u00a0 \u00a0 \u00a0 \u00a0 \u00a0 \u00a0 \u00a0 \u00a0 \u00a0 \u00a0 \u00a0 \u00a0 \u00a0 \u00a0 \u00a0 \u00a0 \u00a0 \u00a0 \u00a0 \u00a0 \u00a0 \u00a0 \u00a0 \u00a0 \u00a0 \u00a0 \u00a0 \u00a0 \u00a0 \u00a0 \u00a0 \u00a0 \u00a0 \u00a0 \u00a0 \u00a0 \u00a0 \u00a0 \u00a0 \u00a0 \u00a0 \u00a0 \u00a0 \u00a0 \u00a0 \u00a0 \u00a0 \u00a0 \u00a0 \u00a0 \u00a0 \u00a0 \u00a0 \u00a0 \u00a0 \u00a0 \u00a0 \u00a0 \u00a0 \u00a0 \u00a0 \u00a0 \u00a0 \u00a0 \u00a0 \u00a0 \u00a0 \u00a0 \u00a0 \u00a0 \u00a0 \u00a0 \u00a0 \u00a0 \u00a0 \u00a0 \u00a0 \u00a0 \u00a0 \u00a0 \u00a0 <strong>Risco de escara:<\/strong> M\u00e9dio\/Baixo.<br \/>\n<strong>Composi\u00e7\u00e3o:<\/strong> Poliuretano\/Viscoel\u00e1stico de m\u00e9dia densidade e bolsa superior de Gel siliconado.<br \/>\n<strong>Peso m\u00e1ximo:<\/strong> Utentes at\u00e9 90 kg.<\/p>\n","protected":false},"excerpt":{"rendered":"<p>As almofadas anti escaras, previnem o aparecimento de ulceras de press\u00e3o, que surgem devido \u00e0 perman\u00eancia do corpo na mesma posi\u00e7\u00e3o durante longos per\u00edodos de tempo. Indica\u00e7\u00e3o: Almofada de conforto e preven\u00e7\u00e3o de escaras.\u00a0 \u00a0 \u00a0 \u00a0 \u00a0 \u00a0 \u00a0 \u00a0 \u00a0 \u00a0 \u00a0 \u00a0 \u00a0 \u00a0 \u00a0 \u00a0 \u00a0 \u00a0 \u00a0 \u00a0 \u00a0 \u00a0 [&hellip;]<\/p>\n","protected":false},"featured_media":1288,"comment_status":"closed","ping_status":"closed","template":"","meta":{"_acf_changed":false,"jetpack_post_was_ever_published":false,"jetpack_publicize_message":"","jetpack_publicize_feature_enabled":true,"jetpack_social_post_already_shared":true,"jetpack_social_options":{"image_generator_settings":{"template":"highway","default_image_id":0,"font":"","enabled":false},"version":2}},"product_brand":[],"product_cat":[780],"product_tag":[77,381,382,380],"class_list":{"0":"post-1287","1":"product","2":"type-product","3":"status-publish","4":"has-post-thumbnail","6":"product_cat-anti-escaras-e-posicionamento","7":"product_tag-almofada","8":"product_tag-evogel","9":"product_tag-gel","10":"product_tag-viscoelastica","12":"first","13":"instock","14":"shipping-taxable","15":"product-type-simple"},"acf":[],"jetpack_publicize_connections":[],"jetpack_sharing_enabled":true,"_links":{"self":[{"href":"https:\/\/ortoger.pt\/index.php?rest_route=\/wp\/v2\/product\/1287","targetHints":{"allow":["GET"]}}],"collection":[{"href":"https:\/\/ortoger.pt\/index.php?rest_route=\/wp\/v2\/product"}],"about":[{"href":"https:\/\/ortoger.pt\/index.php?rest_route=\/wp\/v2\/types\/product"}],"replies":[{"embeddable":true,"href":"https:\/\/ortoger.pt\/index.php?rest_route=%2Fwp%2Fv2%2Fcomments&post=1287"}],"wp:featuredmedia":[{"embeddable":true,"href":"https:\/\/ortoger.pt\/index.php?rest_route=\/wp\/v2\/media\/1288"}],"wp:attachment":[{"href":"https:\/\/ortoger.pt\/index.php?rest_route=%2Fwp%2Fv2%2Fmedia&parent=1287"}],"wp:term":[{"taxonomy":"product_brand","embeddable":true,"href":"https:\/\/ortoger.pt\/index.php?rest_route=%2Fwp%2Fv2%2Fproduct_brand&post=1287"},{"taxonomy":"product_cat","embeddable":true,"href":"https:\/\/ortoger.pt\/index.php?rest_route=%2Fwp%2Fv2%2Fproduct_cat&post=1287"},{"taxonomy":"product_tag","embeddable":true,"href":"https:\/\/ortoger.pt\/index.php?rest_route=%2Fwp%2Fv2%2Fproduct_tag&post=1287"}],"curies":[{"name":"wp","href":"https:\/\/api.w.org\/{rel}","templated":true}]}}