{"id":1272,"date":"2023-08-14T20:37:51","date_gmt":"2023-08-14T20:37:51","guid":{"rendered":"https:\/\/ortoger.pt\/?post_type=product&#038;p=1272"},"modified":"2025-02-08T17:15:06","modified_gmt":"2025-02-08T17:15:06","slug":"cadeira-de-banho-bora-cinza","status":"publish","type":"product","link":"https:\/\/ortoger.pt\/?product=cadeira-de-banho-bora-cinza","title":{"rendered":"Cadeira de banho bora cinza"},"content":{"rendered":"<p>A nossa cadeira de duche bora permitir-lhe-\u00e1 tomar o seu duche confortavelmente e em seguran\u00e7a.<\/p>\n<p><strong>Carater\u00edsticas:<\/strong><br \/>\nO seu amplo assento anat\u00f3mico est\u00e1 equipado com orif\u00edcios para facilitar o escoamento da \u00e1gua, 2 pegas de eleva\u00e7\u00e3o, uma superf\u00edcie granulada antiderrapante e 2 espa\u00e7os para a fixa\u00e7\u00e3o do chuveiro manual. Pode ser montado sem ferramentas em poucos minutos. Ajust\u00e1vel em 8 posi\u00e7\u00f5es.<\/p>\n<p><strong>Peso M\u00e1ximo Suportado:<\/strong> 100 Kg.<\/p>\n","protected":false},"excerpt":{"rendered":"<p>A nossa cadeira de duche bora permitir-lhe-\u00e1 tomar o seu duche confortavelmente e em seguran\u00e7a. Carater\u00edsticas: O seu amplo assento anat\u00f3mico est\u00e1 equipado com orif\u00edcios para facilitar o escoamento da \u00e1gua, 2 pegas de eleva\u00e7\u00e3o, uma superf\u00edcie granulada antiderrapante e 2 espa\u00e7os para a fixa\u00e7\u00e3o do chuveiro manual. Pode ser montado sem ferramentas em poucos [&hellip;]<\/p>\n","protected":false},"featured_media":1273,"comment_status":"closed","ping_status":"closed","template":"","meta":{"_acf_changed":false,"jetpack_post_was_ever_published":false,"jetpack_publicize_message":"","jetpack_publicize_feature_enabled":true,"jetpack_social_post_already_shared":true,"jetpack_social_options":{"image_generator_settings":{"template":"highway","default_image_id":0,"font":"","enabled":false},"version":2}},"product_brand":[],"product_cat":[836],"product_tag":[278,221,195,140],"class_list":{"0":"post-1272","1":"product","2":"type-product","3":"status-publish","4":"has-post-thumbnail","6":"product_cat-cadeira-sanitaria-e-ou-banho","7":"product_tag-ajustavel","8":"product_tag-aluminio","9":"product_tag-banho","10":"product_tag-cadeira","12":"first","13":"instock","14":"shipping-taxable","15":"product-type-simple"},"acf":[],"jetpack_publicize_connections":[],"jetpack_sharing_enabled":true,"_links":{"self":[{"href":"https:\/\/ortoger.pt\/index.php?rest_route=\/wp\/v2\/product\/1272","targetHints":{"allow":["GET"]}}],"collection":[{"href":"https:\/\/ortoger.pt\/index.php?rest_route=\/wp\/v2\/product"}],"about":[{"href":"https:\/\/ortoger.pt\/index.php?rest_route=\/wp\/v2\/types\/product"}],"replies":[{"embeddable":true,"href":"https:\/\/ortoger.pt\/index.php?rest_route=%2Fwp%2Fv2%2Fcomments&post=1272"}],"wp:featuredmedia":[{"embeddable":true,"href":"https:\/\/ortoger.pt\/index.php?rest_route=\/wp\/v2\/media\/1273"}],"wp:attachment":[{"href":"https:\/\/ortoger.pt\/index.php?rest_route=%2Fwp%2Fv2%2Fmedia&parent=1272"}],"wp:term":[{"taxonomy":"product_brand","embeddable":true,"href":"https:\/\/ortoger.pt\/index.php?rest_route=%2Fwp%2Fv2%2Fproduct_brand&post=1272"},{"taxonomy":"product_cat","embeddable":true,"href":"https:\/\/ortoger.pt\/index.php?rest_route=%2Fwp%2Fv2%2Fproduct_cat&post=1272"},{"taxonomy":"product_tag","embeddable":true,"href":"https:\/\/ortoger.pt\/index.php?rest_route=%2Fwp%2Fv2%2Fproduct_tag&post=1272"}],"curies":[{"name":"wp","href":"https:\/\/api.w.org\/{rel}","templated":true}]}}