{"id":1255,"date":"2023-08-11T18:35:48","date_gmt":"2023-08-11T18:35:48","guid":{"rendered":"https:\/\/ortoger.pt\/?post_type=product&#038;p=1255"},"modified":"2025-02-08T17:15:15","modified_gmt":"2025-02-08T17:15:15","slug":"cadeira-de-banho-com-encosto-e-bracos","status":"publish","type":"product","link":"https:\/\/ortoger.pt\/?product=cadeira-de-banho-com-encosto-e-bracos","title":{"rendered":"Cadeira de banho com encosto e bra\u00e7os"},"content":{"rendered":"<p>Cadeira de banho regul\u00e1vel em altura com bra\u00e7os e com ponteiras anti derrapantes para dar maior seguran\u00e7a e estabilidade.<\/p>\n<p>Encosto facilmente remov\u00edvel e confort\u00e1vel para o banheiro no chuveiro. O assento cont\u00e9m um sistema de drenagem.<\/p>\n","protected":false},"excerpt":{"rendered":"<p>Cadeira de banho regul\u00e1vel em altura com bra\u00e7os e com ponteiras anti derrapantes para dar maior seguran\u00e7a e estabilidade. Encosto facilmente remov\u00edvel e confort\u00e1vel para o banheiro no chuveiro. O assento cont\u00e9m um sistema de drenagem.<\/p>\n","protected":false},"featured_media":1256,"comment_status":"closed","ping_status":"closed","template":"","meta":{"_acf_changed":false,"jetpack_post_was_ever_published":false,"jetpack_publicize_message":"","jetpack_publicize_feature_enabled":true,"jetpack_social_post_already_shared":true,"jetpack_social_options":{"image_generator_settings":{"template":"highway","default_image_id":0,"font":"","enabled":false},"version":2}},"product_brand":[],"product_cat":[836],"product_tag":[221,195,140,201],"class_list":{"0":"post-1255","1":"product","2":"type-product","3":"status-publish","4":"has-post-thumbnail","6":"product_cat-cadeira-sanitaria-e-ou-banho","7":"product_tag-aluminio","8":"product_tag-banho","9":"product_tag-cadeira","10":"product_tag-higiene","12":"first","13":"instock","14":"shipping-taxable","15":"product-type-simple"},"acf":[],"jetpack_publicize_connections":[],"jetpack_sharing_enabled":true,"_links":{"self":[{"href":"https:\/\/ortoger.pt\/index.php?rest_route=\/wp\/v2\/product\/1255","targetHints":{"allow":["GET"]}}],"collection":[{"href":"https:\/\/ortoger.pt\/index.php?rest_route=\/wp\/v2\/product"}],"about":[{"href":"https:\/\/ortoger.pt\/index.php?rest_route=\/wp\/v2\/types\/product"}],"replies":[{"embeddable":true,"href":"https:\/\/ortoger.pt\/index.php?rest_route=%2Fwp%2Fv2%2Fcomments&post=1255"}],"wp:featuredmedia":[{"embeddable":true,"href":"https:\/\/ortoger.pt\/index.php?rest_route=\/wp\/v2\/media\/1256"}],"wp:attachment":[{"href":"https:\/\/ortoger.pt\/index.php?rest_route=%2Fwp%2Fv2%2Fmedia&parent=1255"}],"wp:term":[{"taxonomy":"product_brand","embeddable":true,"href":"https:\/\/ortoger.pt\/index.php?rest_route=%2Fwp%2Fv2%2Fproduct_brand&post=1255"},{"taxonomy":"product_cat","embeddable":true,"href":"https:\/\/ortoger.pt\/index.php?rest_route=%2Fwp%2Fv2%2Fproduct_cat&post=1255"},{"taxonomy":"product_tag","embeddable":true,"href":"https:\/\/ortoger.pt\/index.php?rest_route=%2Fwp%2Fv2%2Fproduct_tag&post=1255"}],"curies":[{"name":"wp","href":"https:\/\/api.w.org\/{rel}","templated":true}]}}