{"id":1243,"date":"2023-08-11T12:37:14","date_gmt":"2023-08-11T12:37:14","guid":{"rendered":"https:\/\/ortoger.pt\/?post_type=product&#038;p=1243"},"modified":"2023-08-19T12:49:02","modified_gmt":"2023-08-19T12:49:02","slug":"faixa-umbilical","status":"publish","type":"product","link":"https:\/\/ortoger.pt\/?product=faixa-umbilical","title":{"rendered":"Faixa Umbilical"},"content":{"rendered":"<p>Faixa Pedi\u00e1trica Umbilical\u00a0 \u00e9 fabricada em tecido respir\u00e1vel de licra e espuma aveludada e acolchoada, a faixa \u00e9 mais alta na zona dianteira central e contem uma almofada circular em silicone que faz a conten\u00e7\u00e3o na zona da\u00a0h\u00e9rnia. Indicado nos casos em que a condi\u00e7\u00e3o permite uma\u00a0corre\u00e7\u00e3o\u00a0umbilical\u00a0atrav\u00e9s da conten\u00e7\u00e3o da h\u00e9rnia garantindo que a sec\u00e7\u00e3o do intestino que est\u00e1 saliente permane\u00e7a dentro da parede abdominal.<\/p>\n<p>Modelo dispon\u00edvel em tamanho \u00fanico (per\u00edmetro m\u00e1ximo de 45 cm) e na cor bege.<\/p>\n","protected":false},"excerpt":{"rendered":"<p>Faixa Pedi\u00e1trica Umbilical\u00a0 \u00e9 fabricada em tecido respir\u00e1vel de licra e espuma aveludada e acolchoada, a faixa \u00e9 mais alta na zona dianteira central e contem uma almofada circular em silicone que faz a conten\u00e7\u00e3o na zona da\u00a0h\u00e9rnia. Indicado nos casos em que a condi\u00e7\u00e3o permite uma\u00a0corre\u00e7\u00e3o\u00a0umbilical\u00a0atrav\u00e9s da conten\u00e7\u00e3o da h\u00e9rnia garantindo que a sec\u00e7\u00e3o [&hellip;]<\/p>\n","protected":false},"featured_media":1244,"comment_status":"closed","ping_status":"closed","template":"","meta":{"_acf_changed":false,"jetpack_post_was_ever_published":false,"jetpack_publicize_message":"","jetpack_publicize_feature_enabled":true,"jetpack_social_post_already_shared":true,"jetpack_social_options":{"image_generator_settings":{"template":"highway","default_image_id":0,"font":"","enabled":false},"version":2}},"product_brand":[],"product_cat":[351],"product_tag":[289,290,341,293,223,342,357,356],"class_list":{"0":"post-1243","1":"product","2":"type-product","3":"status-publish","4":"has-post-thumbnail","6":"product_cat-pediatria","7":"product_tag-abdominal","8":"product_tag-barriga","9":"product_tag-crianca","10":"product_tag-hernia","11":"product_tag-ortotese","12":"product_tag-pediatrico","13":"product_tag-umbigo","14":"product_tag-umbilical","16":"first","17":"instock","18":"shipping-taxable","19":"product-type-simple"},"acf":[],"jetpack_publicize_connections":[],"jetpack_sharing_enabled":true,"_links":{"self":[{"href":"https:\/\/ortoger.pt\/index.php?rest_route=\/wp\/v2\/product\/1243","targetHints":{"allow":["GET"]}}],"collection":[{"href":"https:\/\/ortoger.pt\/index.php?rest_route=\/wp\/v2\/product"}],"about":[{"href":"https:\/\/ortoger.pt\/index.php?rest_route=\/wp\/v2\/types\/product"}],"replies":[{"embeddable":true,"href":"https:\/\/ortoger.pt\/index.php?rest_route=%2Fwp%2Fv2%2Fcomments&post=1243"}],"wp:featuredmedia":[{"embeddable":true,"href":"https:\/\/ortoger.pt\/index.php?rest_route=\/wp\/v2\/media\/1244"}],"wp:attachment":[{"href":"https:\/\/ortoger.pt\/index.php?rest_route=%2Fwp%2Fv2%2Fmedia&parent=1243"}],"wp:term":[{"taxonomy":"product_brand","embeddable":true,"href":"https:\/\/ortoger.pt\/index.php?rest_route=%2Fwp%2Fv2%2Fproduct_brand&post=1243"},{"taxonomy":"product_cat","embeddable":true,"href":"https:\/\/ortoger.pt\/index.php?rest_route=%2Fwp%2Fv2%2Fproduct_cat&post=1243"},{"taxonomy":"product_tag","embeddable":true,"href":"https:\/\/ortoger.pt\/index.php?rest_route=%2Fwp%2Fv2%2Fproduct_tag&post=1243"}],"curies":[{"name":"wp","href":"https:\/\/api.w.org\/{rel}","templated":true}]}}