{"id":1183,"date":"2023-07-15T15:37:41","date_gmt":"2023-07-15T15:37:41","guid":{"rendered":"https:\/\/ortoger.pt\/?post_type=product&#038;p=1183"},"modified":"2023-07-16T19:19:20","modified_gmt":"2023-07-16T19:19:20","slug":"joelheira-com-barras-estabilizadoras","status":"publish","type":"product","link":"https:\/\/ortoger.pt\/?product=joelheira-com-barras-estabilizadoras","title":{"rendered":"Joelheira com barras estabilizadoras"},"content":{"rendered":"<p>Fabricado em tecido el\u00e1stico anelado e veludo el\u00e1stico respir\u00e1vel, correias com fechos de velcro para ajuste do tamanho e compress\u00e3o pretendidos, na zona dianteira tem um orif\u00edcio para apoio da r\u00f3tula e na zona lateral tem barras flex\u00edveis em forma de espiral para uma estabiliza\u00e7\u00e3o m\u00e9dio-lateral. A joelheira tem uma cor acinzentada com riscas verdes nos lados, que por sua vez d\u00e1 um tom uni sexo e infantil \u00e0 ort\u00f3tese. Est\u00e1 dispon\u00edvel em dois tamanhos, e pode ser utilizada tanto na perna direita como na esquerda.<\/p>\n","protected":false},"excerpt":{"rendered":"<p>Fabricado em tecido el\u00e1stico anelado e veludo el\u00e1stico respir\u00e1vel, correias com fechos de velcro para ajuste do tamanho e compress\u00e3o pretendidos, na zona dianteira tem um orif\u00edcio para apoio da r\u00f3tula e na zona lateral tem barras flex\u00edveis em forma de espiral para uma estabiliza\u00e7\u00e3o m\u00e9dio-lateral. A joelheira tem uma cor acinzentada com riscas verdes [&hellip;]<\/p>\n","protected":false},"featured_media":1184,"comment_status":"closed","ping_status":"closed","template":"","meta":{"_acf_changed":false,"jetpack_post_was_ever_published":false,"jetpack_publicize_message":"","jetpack_publicize_feature_enabled":true,"jetpack_social_post_already_shared":true,"jetpack_social_options":{"image_generator_settings":{"template":"highway","default_image_id":0,"font":"","enabled":false},"version":2}},"product_brand":[],"product_cat":[351],"product_tag":[277,273,264,223,343],"class_list":{"0":"post-1183","1":"product","2":"type-product","3":"status-publish","4":"has-post-thumbnail","6":"product_cat-pediatria","7":"product_tag-barras","8":"product_tag-joelheira","9":"product_tag-joelho","10":"product_tag-ortotese","11":"product_tag-rotula","13":"first","14":"instock","15":"shipping-taxable","16":"product-type-simple"},"acf":[],"jetpack_publicize_connections":[],"jetpack_sharing_enabled":true,"_links":{"self":[{"href":"https:\/\/ortoger.pt\/index.php?rest_route=\/wp\/v2\/product\/1183","targetHints":{"allow":["GET"]}}],"collection":[{"href":"https:\/\/ortoger.pt\/index.php?rest_route=\/wp\/v2\/product"}],"about":[{"href":"https:\/\/ortoger.pt\/index.php?rest_route=\/wp\/v2\/types\/product"}],"replies":[{"embeddable":true,"href":"https:\/\/ortoger.pt\/index.php?rest_route=%2Fwp%2Fv2%2Fcomments&post=1183"}],"wp:featuredmedia":[{"embeddable":true,"href":"https:\/\/ortoger.pt\/index.php?rest_route=\/wp\/v2\/media\/1184"}],"wp:attachment":[{"href":"https:\/\/ortoger.pt\/index.php?rest_route=%2Fwp%2Fv2%2Fmedia&parent=1183"}],"wp:term":[{"taxonomy":"product_brand","embeddable":true,"href":"https:\/\/ortoger.pt\/index.php?rest_route=%2Fwp%2Fv2%2Fproduct_brand&post=1183"},{"taxonomy":"product_cat","embeddable":true,"href":"https:\/\/ortoger.pt\/index.php?rest_route=%2Fwp%2Fv2%2Fproduct_cat&post=1183"},{"taxonomy":"product_tag","embeddable":true,"href":"https:\/\/ortoger.pt\/index.php?rest_route=%2Fwp%2Fv2%2Fproduct_tag&post=1183"}],"curies":[{"name":"wp","href":"https:\/\/api.w.org\/{rel}","templated":true}]}}