{"id":1177,"date":"2023-07-15T15:18:15","date_gmt":"2023-07-15T15:18:15","guid":{"rendered":"https:\/\/ortoger.pt\/?post_type=product&#038;p=1177"},"modified":"2023-08-19T12:50:10","modified_gmt":"2023-08-19T12:50:10","slug":"ortotese-imobilizadora-bivalve-para-antebraco-pediatrico","status":"publish","type":"product","link":"https:\/\/ortoger.pt\/?product=ortotese-imobilizadora-bivalve-para-antebraco-pediatrico","title":{"rendered":"Ort\u00f3tese imobilizadora bivalve para antebra\u00e7o pedi\u00e1trico"},"content":{"rendered":"<p>Tala Imobilizadora Antebra\u00e7o Bivalva \u00e9 fabricada em polietileno de baixa densidade 2mm, forro interior em espuma de polietileno reticulado de 3mm cor azul, tem 3 tiras de ajuste com fecho em velcro micro gancho. Indicada em casos de\u00a0traumatismos do pulso, fraturas do cubito e radio, instabilidades articulares, s\u00edndrome do\u00a0t\u00fanel\u00a0carpiano\u00a0e entorses recorrentes do pulso.<\/p>\n<p>Modelo dispon\u00edvel em tr\u00eas tamanhos : 1 (10-12cm), 2 (12-14cm), 3 (14-16cm) &#8211; per\u00edmetro do pulso em cm e comprimento: 1 (21cm), 2 (22cm), 3 (23cm) &#8211; comprimento do antebra\u00e7o em cm.<\/p>\n","protected":false},"excerpt":{"rendered":"<p>Tala Imobilizadora Antebra\u00e7o Bivalva \u00e9 fabricada em polietileno de baixa densidade 2mm, forro interior em espuma de polietileno reticulado de 3mm cor azul, tem 3 tiras de ajuste com fecho em velcro micro gancho. Indicada em casos de\u00a0traumatismos do pulso, fraturas do cubito e radio, instabilidades articulares, s\u00edndrome do\u00a0t\u00fanel\u00a0carpiano\u00a0e entorses recorrentes do pulso. Modelo dispon\u00edvel [&hellip;]<\/p>\n","protected":false},"featured_media":1178,"comment_status":"closed","ping_status":"closed","template":"","meta":{"_acf_changed":false,"jetpack_post_was_ever_published":false,"jetpack_publicize_message":"","jetpack_publicize_feature_enabled":true,"jetpack_social_post_already_shared":true,"jetpack_social_options":{"image_generator_settings":{"template":"highway","default_image_id":0,"font":"","enabled":false},"version":2}},"product_brand":[],"product_cat":[351],"product_tag":[262,223,257,263],"class_list":{"0":"post-1177","1":"product","2":"type-product","3":"status-publish","4":"has-post-thumbnail","6":"product_cat-pediatria","7":"product_tag-mao","8":"product_tag-ortotese","9":"product_tag-punho","10":"product_tag-tala","12":"first","13":"instock","14":"shipping-taxable","15":"product-type-simple"},"acf":[],"jetpack_publicize_connections":[],"jetpack_sharing_enabled":true,"_links":{"self":[{"href":"https:\/\/ortoger.pt\/index.php?rest_route=\/wp\/v2\/product\/1177","targetHints":{"allow":["GET"]}}],"collection":[{"href":"https:\/\/ortoger.pt\/index.php?rest_route=\/wp\/v2\/product"}],"about":[{"href":"https:\/\/ortoger.pt\/index.php?rest_route=\/wp\/v2\/types\/product"}],"replies":[{"embeddable":true,"href":"https:\/\/ortoger.pt\/index.php?rest_route=%2Fwp%2Fv2%2Fcomments&post=1177"}],"wp:featuredmedia":[{"embeddable":true,"href":"https:\/\/ortoger.pt\/index.php?rest_route=\/wp\/v2\/media\/1178"}],"wp:attachment":[{"href":"https:\/\/ortoger.pt\/index.php?rest_route=%2Fwp%2Fv2%2Fmedia&parent=1177"}],"wp:term":[{"taxonomy":"product_brand","embeddable":true,"href":"https:\/\/ortoger.pt\/index.php?rest_route=%2Fwp%2Fv2%2Fproduct_brand&post=1177"},{"taxonomy":"product_cat","embeddable":true,"href":"https:\/\/ortoger.pt\/index.php?rest_route=%2Fwp%2Fv2%2Fproduct_cat&post=1177"},{"taxonomy":"product_tag","embeddable":true,"href":"https:\/\/ortoger.pt\/index.php?rest_route=%2Fwp%2Fv2%2Fproduct_tag&post=1177"}],"curies":[{"name":"wp","href":"https:\/\/api.w.org\/{rel}","templated":true}]}}