{"id":1164,"date":"2023-07-15T10:57:53","date_gmt":"2023-07-15T10:57:53","guid":{"rendered":"https:\/\/ortoger.pt\/?post_type=product&#038;p=1164"},"modified":"2023-08-19T16:58:28","modified_gmt":"2023-08-19T16:58:28","slug":"boxer-de-contencao-de-hernias-inguinais","status":"publish","type":"product","link":"https:\/\/ortoger.pt\/?product=boxer-de-contencao-de-hernias-inguinais","title":{"rendered":"Boxer de conten\u00e7\u00e3o de h\u00e9rnias inguinais"},"content":{"rendered":"<p>Este boxer serve como dispositivo de conten\u00e7\u00e3o e suporte da parede abdominal para evitar flacidez e\/ou relaxamento dos tecidos e para conter h\u00e9rnias inguinais reduz\u00edveis.<\/p>\n<p>Para os melhores resultados de funcionalidade as estruturas s\u00e3o moldadas em linha obl\u00edqua em rela\u00e7\u00e3o \u00e0 cintura, que resulta ser baixa na parte da frente e alta na parte de tr\u00e1s.<\/p>\n<p>Os tecidos utilizados s\u00e3o caracterizados por uma for\u00e7a el\u00e1stica de contra\u00e7\u00e3o controlada e auto estabilizadora, gra\u00e7as a um exclusivo sistema de processamento do tecido.<\/p>\n<p>Preparado para o uso de pelotas opcionais (refer\u00eancia OR0401001), moldadas e anat\u00f3micas que exercem uma for\u00e7a mais decisiva de conten\u00e7\u00e3o na presen\u00e7a de h\u00e9rnias inguinais reduz\u00edveis.<\/p>\n","protected":false},"excerpt":{"rendered":"<p>Este boxer serve como dispositivo de conten\u00e7\u00e3o e suporte da parede abdominal para evitar flacidez e\/ou relaxamento dos tecidos e para conter h\u00e9rnias inguinais reduz\u00edveis. Para os melhores resultados de funcionalidade as estruturas s\u00e3o moldadas em linha obl\u00edqua em rela\u00e7\u00e3o \u00e0 cintura, que resulta ser baixa na parte da frente e alta na parte de [&hellip;]<\/p>\n","protected":false},"featured_media":1166,"comment_status":"closed","ping_status":"closed","template":"","meta":{"_acf_changed":false,"jetpack_post_was_ever_published":false,"jetpack_publicize_message":"","jetpack_publicize_feature_enabled":true,"jetpack_social_post_already_shared":true,"jetpack_social_options":{"image_generator_settings":{"template":"highway","default_image_id":0,"font":"","enabled":false},"version":2}},"product_brand":[],"product_cat":[414],"product_tag":[334,260,293,335],"class_list":{"0":"post-1164","1":"product","2":"type-product","3":"status-publish","4":"has-post-thumbnail","6":"product_cat-tronco","7":"product_tag-boxer","8":"product_tag-compressao","9":"product_tag-hernia","10":"product_tag-inguinal","12":"first","13":"instock","14":"shipping-taxable","15":"product-type-simple"},"acf":[],"jetpack_publicize_connections":[],"jetpack_sharing_enabled":true,"_links":{"self":[{"href":"https:\/\/ortoger.pt\/index.php?rest_route=\/wp\/v2\/product\/1164","targetHints":{"allow":["GET"]}}],"collection":[{"href":"https:\/\/ortoger.pt\/index.php?rest_route=\/wp\/v2\/product"}],"about":[{"href":"https:\/\/ortoger.pt\/index.php?rest_route=\/wp\/v2\/types\/product"}],"replies":[{"embeddable":true,"href":"https:\/\/ortoger.pt\/index.php?rest_route=%2Fwp%2Fv2%2Fcomments&post=1164"}],"wp:featuredmedia":[{"embeddable":true,"href":"https:\/\/ortoger.pt\/index.php?rest_route=\/wp\/v2\/media\/1166"}],"wp:attachment":[{"href":"https:\/\/ortoger.pt\/index.php?rest_route=%2Fwp%2Fv2%2Fmedia&parent=1164"}],"wp:term":[{"taxonomy":"product_brand","embeddable":true,"href":"https:\/\/ortoger.pt\/index.php?rest_route=%2Fwp%2Fv2%2Fproduct_brand&post=1164"},{"taxonomy":"product_cat","embeddable":true,"href":"https:\/\/ortoger.pt\/index.php?rest_route=%2Fwp%2Fv2%2Fproduct_cat&post=1164"},{"taxonomy":"product_tag","embeddable":true,"href":"https:\/\/ortoger.pt\/index.php?rest_route=%2Fwp%2Fv2%2Fproduct_tag&post=1164"}],"curies":[{"name":"wp","href":"https:\/\/api.w.org\/{rel}","templated":true}]}}