{"id":1162,"date":"2023-07-15T10:48:04","date_gmt":"2023-07-15T10:48:04","guid":{"rendered":"https:\/\/ortoger.pt\/?post_type=product&#038;p=1162"},"modified":"2023-08-19T16:57:17","modified_gmt":"2023-08-19T16:57:17","slug":"faixa-toracica-de-2-bandas","status":"publish","type":"product","link":"https:\/\/ortoger.pt\/?product=faixa-toracica-de-2-bandas","title":{"rendered":"Faixa tor\u00e1cica de 2 bandas"},"content":{"rendered":"<p>Tecido el\u00e1stico cont\u00ednuo com ajuste em velcro. Modelos dispon\u00edvel em tr\u00eas tamanhos.<\/p>\n<p>Efeitos: Contens\u00e3o, suporte e apoio muito confort\u00e1vel, c\u00f3moda no seu uso.<\/p>\n<p>Indica\u00e7\u00f5es: S\u00edndromas dorsais, p\u00f3s-cir\u00fargica, tor\u00e1cica.<\/p>\n","protected":false},"excerpt":{"rendered":"<p>Tecido el\u00e1stico cont\u00ednuo com ajuste em velcro. Modelos dispon\u00edvel em tr\u00eas tamanhos. Efeitos: Contens\u00e3o, suporte e apoio muito confort\u00e1vel, c\u00f3moda no seu uso. Indica\u00e7\u00f5es: S\u00edndromas dorsais, p\u00f3s-cir\u00fargica, tor\u00e1cica.<\/p>\n","protected":false},"featured_media":1163,"comment_status":"closed","ping_status":"closed","template":"","meta":{"_acf_changed":false,"jetpack_post_was_ever_published":false,"jetpack_publicize_message":"","jetpack_publicize_feature_enabled":true,"jetpack_social_post_already_shared":true,"jetpack_social_options":{"image_generator_settings":{"template":"highway","default_image_id":0,"font":"","enabled":false},"version":2}},"product_brand":[],"product_cat":[414],"product_tag":[301,306,223,333],"class_list":{"0":"post-1162","1":"product","2":"type-product","3":"status-publish","4":"has-post-thumbnail","6":"product_cat-tronco","7":"product_tag-cinta","8":"product_tag-faixa","9":"product_tag-ortotese","10":"product_tag-toracica","12":"first","13":"instock","14":"shipping-taxable","15":"product-type-simple"},"acf":[],"jetpack_publicize_connections":[],"jetpack_sharing_enabled":true,"_links":{"self":[{"href":"https:\/\/ortoger.pt\/index.php?rest_route=\/wp\/v2\/product\/1162","targetHints":{"allow":["GET"]}}],"collection":[{"href":"https:\/\/ortoger.pt\/index.php?rest_route=\/wp\/v2\/product"}],"about":[{"href":"https:\/\/ortoger.pt\/index.php?rest_route=\/wp\/v2\/types\/product"}],"replies":[{"embeddable":true,"href":"https:\/\/ortoger.pt\/index.php?rest_route=%2Fwp%2Fv2%2Fcomments&post=1162"}],"wp:featuredmedia":[{"embeddable":true,"href":"https:\/\/ortoger.pt\/index.php?rest_route=\/wp\/v2\/media\/1163"}],"wp:attachment":[{"href":"https:\/\/ortoger.pt\/index.php?rest_route=%2Fwp%2Fv2%2Fmedia&parent=1162"}],"wp:term":[{"taxonomy":"product_brand","embeddable":true,"href":"https:\/\/ortoger.pt\/index.php?rest_route=%2Fwp%2Fv2%2Fproduct_brand&post=1162"},{"taxonomy":"product_cat","embeddable":true,"href":"https:\/\/ortoger.pt\/index.php?rest_route=%2Fwp%2Fv2%2Fproduct_cat&post=1162"},{"taxonomy":"product_tag","embeddable":true,"href":"https:\/\/ortoger.pt\/index.php?rest_route=%2Fwp%2Fv2%2Fproduct_tag&post=1162"}],"curies":[{"name":"wp","href":"https:\/\/api.w.org\/{rel}","templated":true}]}}