{"id":1137,"date":"2023-07-14T16:07:23","date_gmt":"2023-07-14T16:07:23","guid":{"rendered":"https:\/\/ortoger.pt\/?post_type=product&#038;p=1137"},"modified":"2023-08-19T14:26:40","modified_gmt":"2023-08-19T14:26:40","slug":"suporte-de-pulso-em-neoprene-com-banda","status":"publish","type":"product","link":"https:\/\/ortoger.pt\/?product=suporte-de-pulso-em-neoprene-com-banda","title":{"rendered":"Suporte de pulso em neoprene com banda"},"content":{"rendered":"<p>Em neoprene com propriedades t\u00e9rmicas que aliviam a dor e favorecem a recupera\u00e7\u00e3o da flexibilidade das articula\u00e7\u00f5es.<br \/>\nCom banda de apoio envolvente, suporte desenhado especialmente para situa\u00e7\u00f5es de conten\u00e7\u00e3o, pode ser utilizado tanto no lado esquerdo como no direito, fecho r\u00e1pido para um ajuste adequado.<\/p>\n<p>Modelo dispon\u00edvel em tamanho \u00fanico.<\/p>\n","protected":false},"excerpt":{"rendered":"<p>Em neoprene com propriedades t\u00e9rmicas que aliviam a dor e favorecem a recupera\u00e7\u00e3o da flexibilidade das articula\u00e7\u00f5es. Com banda de apoio envolvente, suporte desenhado especialmente para situa\u00e7\u00f5es de conten\u00e7\u00e3o, pode ser utilizado tanto no lado esquerdo como no direito, fecho r\u00e1pido para um ajuste adequado. Modelo dispon\u00edvel em tamanho \u00fanico.<\/p>\n","protected":false},"featured_media":1138,"comment_status":"closed","ping_status":"closed","template":"","meta":{"_acf_changed":false,"jetpack_post_was_ever_published":false,"jetpack_publicize_message":"","jetpack_publicize_feature_enabled":true,"jetpack_social_post_already_shared":true,"jetpack_social_options":{"image_generator_settings":{"template":"highway","default_image_id":0,"font":"","enabled":false},"version":2}},"product_brand":[],"product_cat":[353],"product_tag":[278,262,274,223,257],"class_list":{"0":"post-1137","1":"product","2":"type-product","3":"status-publish","4":"has-post-thumbnail","6":"product_cat-membros-superiores","7":"product_tag-ajustavel","8":"product_tag-mao","9":"product_tag-neoprene","10":"product_tag-ortotese","11":"product_tag-punho","13":"first","14":"instock","15":"shipping-taxable","16":"product-type-simple"},"acf":[],"jetpack_publicize_connections":[],"jetpack_sharing_enabled":true,"_links":{"self":[{"href":"https:\/\/ortoger.pt\/index.php?rest_route=\/wp\/v2\/product\/1137","targetHints":{"allow":["GET"]}}],"collection":[{"href":"https:\/\/ortoger.pt\/index.php?rest_route=\/wp\/v2\/product"}],"about":[{"href":"https:\/\/ortoger.pt\/index.php?rest_route=\/wp\/v2\/types\/product"}],"replies":[{"embeddable":true,"href":"https:\/\/ortoger.pt\/index.php?rest_route=%2Fwp%2Fv2%2Fcomments&post=1137"}],"wp:featuredmedia":[{"embeddable":true,"href":"https:\/\/ortoger.pt\/index.php?rest_route=\/wp\/v2\/media\/1138"}],"wp:attachment":[{"href":"https:\/\/ortoger.pt\/index.php?rest_route=%2Fwp%2Fv2%2Fmedia&parent=1137"}],"wp:term":[{"taxonomy":"product_brand","embeddable":true,"href":"https:\/\/ortoger.pt\/index.php?rest_route=%2Fwp%2Fv2%2Fproduct_brand&post=1137"},{"taxonomy":"product_cat","embeddable":true,"href":"https:\/\/ortoger.pt\/index.php?rest_route=%2Fwp%2Fv2%2Fproduct_cat&post=1137"},{"taxonomy":"product_tag","embeddable":true,"href":"https:\/\/ortoger.pt\/index.php?rest_route=%2Fwp%2Fv2%2Fproduct_tag&post=1137"}],"curies":[{"name":"wp","href":"https:\/\/api.w.org\/{rel}","templated":true}]}}