{"id":1127,"date":"2023-07-14T14:31:50","date_gmt":"2023-07-14T14:31:50","guid":{"rendered":"https:\/\/ortoger.pt\/?post_type=product&#038;p=1127"},"modified":"2023-08-19T16:54:24","modified_gmt":"2023-08-19T16:54:24","slug":"faixa-ajustavel","status":"publish","type":"product","link":"https:\/\/ortoger.pt\/?product=faixa-ajustavel","title":{"rendered":"Faixa Ajust\u00e1vel"},"content":{"rendered":"<p>Faixa ajust\u00e1vel fabricada em Neoprene.<\/p>\n<p>INSTRU\u00c7\u00d5ES DE LAVAGEM: Lavar \u00e0 m\u00e3o e com sab\u00e3o neutro sem esfregar. Secar \u00e0 temperatura ambiente. AVISO: Evitar a exposi\u00e7\u00e3o ao sol, poeira e humidade. Utilizar o produto conforme indicado nas fotografias.<\/p>\n","protected":false},"excerpt":{"rendered":"<p>Faixa ajust\u00e1vel fabricada em Neoprene. INSTRU\u00c7\u00d5ES DE LAVAGEM: Lavar \u00e0 m\u00e3o e com sab\u00e3o neutro sem esfregar. Secar \u00e0 temperatura ambiente. AVISO: Evitar a exposi\u00e7\u00e3o ao sol, poeira e humidade. Utilizar o produto conforme indicado nas fotografias.<\/p>\n","protected":false},"featured_media":1128,"comment_status":"closed","ping_status":"closed","template":"","meta":{"_acf_changed":false,"jetpack_post_was_ever_published":false,"jetpack_publicize_message":"","jetpack_publicize_feature_enabled":true,"jetpack_social_post_already_shared":true,"jetpack_social_options":{"image_generator_settings":{"template":"highway","default_image_id":0,"font":"","enabled":false},"version":2}},"product_brand":[],"product_cat":[414],"product_tag":[290,306,274,317],"class_list":{"0":"post-1127","1":"product","2":"type-product","3":"status-publish","4":"has-post-thumbnail","6":"product_cat-tronco","7":"product_tag-barriga","8":"product_tag-faixa","9":"product_tag-neoprene","10":"product_tag-transpiravel","12":"first","13":"instock","14":"shipping-taxable","15":"product-type-simple"},"acf":[],"jetpack_publicize_connections":[],"jetpack_sharing_enabled":true,"_links":{"self":[{"href":"https:\/\/ortoger.pt\/index.php?rest_route=\/wp\/v2\/product\/1127","targetHints":{"allow":["GET"]}}],"collection":[{"href":"https:\/\/ortoger.pt\/index.php?rest_route=\/wp\/v2\/product"}],"about":[{"href":"https:\/\/ortoger.pt\/index.php?rest_route=\/wp\/v2\/types\/product"}],"replies":[{"embeddable":true,"href":"https:\/\/ortoger.pt\/index.php?rest_route=%2Fwp%2Fv2%2Fcomments&post=1127"}],"wp:featuredmedia":[{"embeddable":true,"href":"https:\/\/ortoger.pt\/index.php?rest_route=\/wp\/v2\/media\/1128"}],"wp:attachment":[{"href":"https:\/\/ortoger.pt\/index.php?rest_route=%2Fwp%2Fv2%2Fmedia&parent=1127"}],"wp:term":[{"taxonomy":"product_brand","embeddable":true,"href":"https:\/\/ortoger.pt\/index.php?rest_route=%2Fwp%2Fv2%2Fproduct_brand&post=1127"},{"taxonomy":"product_cat","embeddable":true,"href":"https:\/\/ortoger.pt\/index.php?rest_route=%2Fwp%2Fv2%2Fproduct_cat&post=1127"},{"taxonomy":"product_tag","embeddable":true,"href":"https:\/\/ortoger.pt\/index.php?rest_route=%2Fwp%2Fv2%2Fproduct_tag&post=1127"}],"curies":[{"name":"wp","href":"https:\/\/api.w.org\/{rel}","templated":true}]}}