{"id":1082,"date":"2023-07-14T11:32:53","date_gmt":"2023-07-14T11:32:53","guid":{"rendered":"https:\/\/ortoger.pt\/?post_type=product&#038;p=1082"},"modified":"2023-08-19T16:53:17","modified_gmt":"2023-08-19T16:53:17","slug":"cotoveleira-elastica","status":"publish","type":"product","link":"https:\/\/ortoger.pt\/?product=cotoveleira-elastica","title":{"rendered":"Cotoveleira el\u00e1stica"},"content":{"rendered":"<p>Contem almofada anat\u00f3mica para epicondilites com banda de ajuste. Zona do antebra\u00e7o e cotovelo, macias e anat\u00f3micas.<\/p>\n","protected":false},"excerpt":{"rendered":"<p>Contem almofada anat\u00f3mica para epicondilites com banda de ajuste. Zona do antebra\u00e7o e cotovelo, macias e anat\u00f3micas.<\/p>\n","protected":false},"featured_media":1083,"comment_status":"closed","ping_status":"closed","template":"","meta":{"_acf_changed":false,"jetpack_post_was_ever_published":false,"jetpack_publicize_message":"","jetpack_publicize_feature_enabled":true,"jetpack_social_post_already_shared":true,"jetpack_social_options":{"image_generator_settings":{"template":"highway","default_image_id":0,"font":"","enabled":false},"version":2}},"product_brand":[],"product_cat":[353],"product_tag":[243,308,267,223,282],"class_list":{"0":"post-1082","1":"product","2":"type-product","3":"status-publish","4":"has-post-thumbnail","6":"product_cat-membros-superiores","7":"product_tag-banda","8":"product_tag-cotoveleira","9":"product_tag-elastica","10":"product_tag-ortotese","11":"product_tag-velcro","13":"first","14":"instock","15":"shipping-taxable","16":"product-type-simple"},"acf":[],"jetpack_publicize_connections":[],"jetpack_sharing_enabled":true,"_links":{"self":[{"href":"https:\/\/ortoger.pt\/index.php?rest_route=\/wp\/v2\/product\/1082","targetHints":{"allow":["GET"]}}],"collection":[{"href":"https:\/\/ortoger.pt\/index.php?rest_route=\/wp\/v2\/product"}],"about":[{"href":"https:\/\/ortoger.pt\/index.php?rest_route=\/wp\/v2\/types\/product"}],"replies":[{"embeddable":true,"href":"https:\/\/ortoger.pt\/index.php?rest_route=%2Fwp%2Fv2%2Fcomments&post=1082"}],"wp:featuredmedia":[{"embeddable":true,"href":"https:\/\/ortoger.pt\/index.php?rest_route=\/wp\/v2\/media\/1083"}],"wp:attachment":[{"href":"https:\/\/ortoger.pt\/index.php?rest_route=%2Fwp%2Fv2%2Fmedia&parent=1082"}],"wp:term":[{"taxonomy":"product_brand","embeddable":true,"href":"https:\/\/ortoger.pt\/index.php?rest_route=%2Fwp%2Fv2%2Fproduct_brand&post=1082"},{"taxonomy":"product_cat","embeddable":true,"href":"https:\/\/ortoger.pt\/index.php?rest_route=%2Fwp%2Fv2%2Fproduct_cat&post=1082"},{"taxonomy":"product_tag","embeddable":true,"href":"https:\/\/ortoger.pt\/index.php?rest_route=%2Fwp%2Fv2%2Fproduct_tag&post=1082"}],"curies":[{"name":"wp","href":"https:\/\/api.w.org\/{rel}","templated":true}]}}