{"id":1076,"date":"2023-07-14T11:11:07","date_gmt":"2023-07-14T11:11:07","guid":{"rendered":"https:\/\/ortoger.pt\/?post_type=product&#038;p=1076"},"modified":"2023-08-19T16:50:14","modified_gmt":"2023-08-19T16:50:14","slug":"cinta-semirrigida","status":"publish","type":"product","link":"https:\/\/ortoger.pt\/?product=cinta-semirrigida","title":{"rendered":"Cinta semirr\u00edgida"},"content":{"rendered":"<p>Possui dois tensores de correia dupla e vareta de a\u00e7o. Fabricada em tecido el\u00e1stico bicamada de elevada conten\u00e7\u00e3o.<br \/>\n\u00c9 el\u00e1stica em todos os sentidos, o que favorece a adaptabilidade ao doente.<br \/>\nConfort\u00e1vel, leve e de elevada conten\u00e7\u00e3o.<\/p>\n","protected":false},"excerpt":{"rendered":"<p>Possui dois tensores de correia dupla e vareta de a\u00e7o. Fabricada em tecido el\u00e1stico bicamada de elevada conten\u00e7\u00e3o. \u00c9 el\u00e1stica em todos os sentidos, o que favorece a adaptabilidade ao doente. Confort\u00e1vel, leve e de elevada conten\u00e7\u00e3o.<\/p>\n","protected":false},"featured_media":1077,"comment_status":"closed","ping_status":"closed","template":"","meta":{"_acf_changed":false,"jetpack_post_was_ever_published":false,"jetpack_publicize_message":"","jetpack_publicize_feature_enabled":true,"jetpack_social_post_already_shared":true,"jetpack_social_options":{"image_generator_settings":{"template":"highway","default_image_id":0,"font":"","enabled":false},"version":2}},"product_brand":[],"product_cat":[414],"product_tag":[301,296,303,223,302,282],"class_list":{"0":"post-1076","1":"product","2":"type-product","3":"status-publish","4":"has-post-thumbnail","6":"product_cat-tronco","7":"product_tag-cinta","8":"product_tag-costas","9":"product_tag-lombar","10":"product_tag-ortotese","11":"product_tag-semirrigida","12":"product_tag-velcro","14":"first","15":"instock","16":"shipping-taxable","17":"product-type-simple"},"acf":[],"jetpack_publicize_connections":[],"jetpack_sharing_enabled":true,"_links":{"self":[{"href":"https:\/\/ortoger.pt\/index.php?rest_route=\/wp\/v2\/product\/1076","targetHints":{"allow":["GET"]}}],"collection":[{"href":"https:\/\/ortoger.pt\/index.php?rest_route=\/wp\/v2\/product"}],"about":[{"href":"https:\/\/ortoger.pt\/index.php?rest_route=\/wp\/v2\/types\/product"}],"replies":[{"embeddable":true,"href":"https:\/\/ortoger.pt\/index.php?rest_route=%2Fwp%2Fv2%2Fcomments&post=1076"}],"wp:featuredmedia":[{"embeddable":true,"href":"https:\/\/ortoger.pt\/index.php?rest_route=\/wp\/v2\/media\/1077"}],"wp:attachment":[{"href":"https:\/\/ortoger.pt\/index.php?rest_route=%2Fwp%2Fv2%2Fmedia&parent=1076"}],"wp:term":[{"taxonomy":"product_brand","embeddable":true,"href":"https:\/\/ortoger.pt\/index.php?rest_route=%2Fwp%2Fv2%2Fproduct_brand&post=1076"},{"taxonomy":"product_cat","embeddable":true,"href":"https:\/\/ortoger.pt\/index.php?rest_route=%2Fwp%2Fv2%2Fproduct_cat&post=1076"},{"taxonomy":"product_tag","embeddable":true,"href":"https:\/\/ortoger.pt\/index.php?rest_route=%2Fwp%2Fv2%2Fproduct_tag&post=1076"}],"curies":[{"name":"wp","href":"https:\/\/api.w.org\/{rel}","templated":true}]}}