{"id":1074,"date":"2023-07-14T11:06:14","date_gmt":"2023-07-14T11:06:14","guid":{"rendered":"https:\/\/ortoger.pt\/?post_type=product&#038;p=1074"},"modified":"2023-08-19T16:49:20","modified_gmt":"2023-08-19T16:49:20","slug":"colete-jewett","status":"publish","type":"product","link":"https:\/\/ortoger.pt\/?product=colete-jewett","title":{"rendered":"Colete jewett"},"content":{"rendered":"<p>Ort\u00f3tese r\u00edgida desenhada em duralum\u00ednio anodizado. Almofadado transpir\u00e1vel, lav\u00e1vel, com modela\u00e7\u00e3o t\u00e9rmica e rebordo, as almofadas laterais e do peitoral s\u00e3o desmont\u00e1veis.<br \/>\nPossibilidade de regula\u00e7\u00e3o cont\u00ednua da placa esternal e lateral (largura e altura) para uma melhor adapta\u00e7\u00e3o, controlo da largura esternal, controlo de angula\u00e7\u00e3o esternal, controlo de altura lateral e controlo da oscila\u00e7\u00e3o.<\/p>\n","protected":false},"excerpt":{"rendered":"<p>Ort\u00f3tese r\u00edgida desenhada em duralum\u00ednio anodizado. Almofadado transpir\u00e1vel, lav\u00e1vel, com modela\u00e7\u00e3o t\u00e9rmica e rebordo, as almofadas laterais e do peitoral s\u00e3o desmont\u00e1veis. Possibilidade de regula\u00e7\u00e3o cont\u00ednua da placa esternal e lateral (largura e altura) para uma melhor adapta\u00e7\u00e3o, controlo da largura esternal, controlo de angula\u00e7\u00e3o esternal, controlo de altura lateral e controlo da oscila\u00e7\u00e3o.<\/p>\n","protected":false},"featured_media":1075,"comment_status":"closed","ping_status":"closed","template":"","meta":{"_acf_changed":false,"jetpack_post_was_ever_published":false,"jetpack_publicize_message":"","jetpack_publicize_feature_enabled":true,"jetpack_social_post_already_shared":true,"jetpack_social_options":{"image_generator_settings":{"template":"highway","default_image_id":0,"font":"","enabled":false},"version":2}},"product_brand":[],"product_cat":[414],"product_tag":[298,296,300,251,263,299],"class_list":{"0":"post-1074","1":"product","2":"type-product","3":"status-publish","4":"has-post-thumbnail","6":"product_cat-tronco","7":"product_tag-colete","8":"product_tag-costas","9":"product_tag-jewett","10":"product_tag-rigido","11":"product_tag-tala","12":"product_tag-vertebras","14":"first","15":"instock","16":"shipping-taxable","17":"product-type-simple"},"acf":[],"jetpack_publicize_connections":[],"jetpack_sharing_enabled":true,"_links":{"self":[{"href":"https:\/\/ortoger.pt\/index.php?rest_route=\/wp\/v2\/product\/1074","targetHints":{"allow":["GET"]}}],"collection":[{"href":"https:\/\/ortoger.pt\/index.php?rest_route=\/wp\/v2\/product"}],"about":[{"href":"https:\/\/ortoger.pt\/index.php?rest_route=\/wp\/v2\/types\/product"}],"replies":[{"embeddable":true,"href":"https:\/\/ortoger.pt\/index.php?rest_route=%2Fwp%2Fv2%2Fcomments&post=1074"}],"wp:featuredmedia":[{"embeddable":true,"href":"https:\/\/ortoger.pt\/index.php?rest_route=\/wp\/v2\/media\/1075"}],"wp:attachment":[{"href":"https:\/\/ortoger.pt\/index.php?rest_route=%2Fwp%2Fv2%2Fmedia&parent=1074"}],"wp:term":[{"taxonomy":"product_brand","embeddable":true,"href":"https:\/\/ortoger.pt\/index.php?rest_route=%2Fwp%2Fv2%2Fproduct_brand&post=1074"},{"taxonomy":"product_cat","embeddable":true,"href":"https:\/\/ortoger.pt\/index.php?rest_route=%2Fwp%2Fv2%2Fproduct_cat&post=1074"},{"taxonomy":"product_tag","embeddable":true,"href":"https:\/\/ortoger.pt\/index.php?rest_route=%2Fwp%2Fv2%2Fproduct_tag&post=1074"}],"curies":[{"name":"wp","href":"https:\/\/api.w.org\/{rel}","templated":true}]}}