{"id":1037,"date":"2023-07-13T16:51:04","date_gmt":"2023-07-13T16:51:04","guid":{"rendered":"https:\/\/ortoger.pt\/?post_type=product&#038;p=1037"},"modified":"2023-08-19T16:15:06","modified_gmt":"2023-08-19T16:15:06","slug":"suporte-infrapatelar","status":"publish","type":"product","link":"https:\/\/ortoger.pt\/?product=suporte-infrapatelar","title":{"rendered":"Suporte infrapatelar"},"content":{"rendered":"<p>Aliviar o impacto do tend\u00e3o patelar durante atividades desportivas. Almofada patelar que descarrega o tend\u00e3o e produz um efeito de massagem. Silicone com efeito anti deslizante que impede a sua queda. Almofada com zona popl\u00edtea moldada que oferece maior conforto. Dupla circunfer\u00eancia de regula\u00e7\u00e3o el\u00e1stica, para um ajuste din\u00e2mico de compress\u00e3o. Tecido respir\u00e1vel e sem costura para o m\u00e1ximo conforto<\/p>\n","protected":false},"excerpt":{"rendered":"<p>Aliviar o impacto do tend\u00e3o patelar durante atividades desportivas. Almofada patelar que descarrega o tend\u00e3o e produz um efeito de massagem. Silicone com efeito anti deslizante que impede a sua queda. Almofada com zona popl\u00edtea moldada que oferece maior conforto. Dupla circunfer\u00eancia de regula\u00e7\u00e3o el\u00e1stica, para um ajuste din\u00e2mico de compress\u00e3o. Tecido respir\u00e1vel e sem [&hellip;]<\/p>\n","protected":false},"featured_media":1038,"comment_status":"closed","ping_status":"closed","template":"","meta":{"_acf_changed":false,"jetpack_post_was_ever_published":false,"jetpack_publicize_message":"","jetpack_publicize_feature_enabled":true,"jetpack_social_post_already_shared":true,"jetpack_social_options":{"image_generator_settings":{"template":"highway","default_image_id":0,"font":"","enabled":false},"version":2}},"product_brand":[],"product_cat":[354],"product_tag":[243,265,264,252],"class_list":{"0":"post-1037","1":"product","2":"type-product","3":"status-publish","4":"has-post-thumbnail","6":"product_cat-membros-inferiores","7":"product_tag-banda","8":"product_tag-infrapatelar","9":"product_tag-joelho","10":"product_tag-suporte","12":"first","13":"instock","14":"shipping-taxable","15":"product-type-simple"},"acf":[],"jetpack_publicize_connections":[],"jetpack_sharing_enabled":true,"_links":{"self":[{"href":"https:\/\/ortoger.pt\/index.php?rest_route=\/wp\/v2\/product\/1037","targetHints":{"allow":["GET"]}}],"collection":[{"href":"https:\/\/ortoger.pt\/index.php?rest_route=\/wp\/v2\/product"}],"about":[{"href":"https:\/\/ortoger.pt\/index.php?rest_route=\/wp\/v2\/types\/product"}],"replies":[{"embeddable":true,"href":"https:\/\/ortoger.pt\/index.php?rest_route=%2Fwp%2Fv2%2Fcomments&post=1037"}],"wp:featuredmedia":[{"embeddable":true,"href":"https:\/\/ortoger.pt\/index.php?rest_route=\/wp\/v2\/media\/1038"}],"wp:attachment":[{"href":"https:\/\/ortoger.pt\/index.php?rest_route=%2Fwp%2Fv2%2Fmedia&parent=1037"}],"wp:term":[{"taxonomy":"product_brand","embeddable":true,"href":"https:\/\/ortoger.pt\/index.php?rest_route=%2Fwp%2Fv2%2Fproduct_brand&post=1037"},{"taxonomy":"product_cat","embeddable":true,"href":"https:\/\/ortoger.pt\/index.php?rest_route=%2Fwp%2Fv2%2Fproduct_cat&post=1037"},{"taxonomy":"product_tag","embeddable":true,"href":"https:\/\/ortoger.pt\/index.php?rest_route=%2Fwp%2Fv2%2Fproduct_tag&post=1037"}],"curies":[{"name":"wp","href":"https:\/\/api.w.org\/{rel}","templated":true}]}}