{"id":1028,"date":"2023-07-13T16:32:10","date_gmt":"2023-07-13T16:32:10","guid":{"rendered":"https:\/\/ortoger.pt\/?post_type=product&#038;p=1028"},"modified":"2023-08-19T15:40:12","modified_gmt":"2023-08-19T15:40:12","slug":"suporte-de-braco-com-banda-toraxica","status":"publish","type":"product","link":"https:\/\/ortoger.pt\/?product=suporte-de-braco-com-banda-toraxica","title":{"rendered":"Suporte de bra\u00e7o com banda tor\u00e1xica"},"content":{"rendered":"<p>O imobilizador de bra\u00e7o com banda tor\u00e1cica proporciona fixa\u00e7\u00e3o est\u00e1vel do ombro e do bra\u00e7o e estabiliza\u00e7\u00e3o adicional gra\u00e7as \u00e0 faixa peitoral. Possibilita a realiza\u00e7\u00e3o de exerc\u00edcios limitados nas posteriores fases de tratamento, gra\u00e7as \u00e0 f\u00e1cil remo\u00e7\u00e3o do suporte de ombro. Garante a examina\u00e7\u00e3o de feridas sem problemas.<\/p>\n","protected":false},"excerpt":{"rendered":"<p>O imobilizador de bra\u00e7o com banda tor\u00e1cica proporciona fixa\u00e7\u00e3o est\u00e1vel do ombro e do bra\u00e7o e estabiliza\u00e7\u00e3o adicional gra\u00e7as \u00e0 faixa peitoral. Possibilita a realiza\u00e7\u00e3o de exerc\u00edcios limitados nas posteriores fases de tratamento, gra\u00e7as \u00e0 f\u00e1cil remo\u00e7\u00e3o do suporte de ombro. Garante a examina\u00e7\u00e3o de feridas sem problemas.<\/p>\n","protected":false},"featured_media":1030,"comment_status":"closed","ping_status":"closed","template":"","meta":{"_acf_changed":false,"jetpack_post_was_ever_published":false,"jetpack_publicize_message":"","jetpack_publicize_feature_enabled":true,"jetpack_social_post_already_shared":true,"jetpack_social_options":{"image_generator_settings":{"template":"highway","default_image_id":0,"font":"","enabled":false},"version":2}},"product_brand":[],"product_cat":[353],"product_tag":[254,253,255,223,252],"class_list":{"0":"post-1028","1":"product","2":"type-product","3":"status-publish","4":"has-post-thumbnail","6":"product_cat-membros-superiores","7":"product_tag-braco","8":"product_tag-imobilizacao","9":"product_tag-ombro","10":"product_tag-ortotese","11":"product_tag-suporte","13":"first","14":"instock","15":"shipping-taxable","16":"product-type-simple"},"acf":[],"jetpack_publicize_connections":[],"jetpack_sharing_enabled":true,"_links":{"self":[{"href":"https:\/\/ortoger.pt\/index.php?rest_route=\/wp\/v2\/product\/1028","targetHints":{"allow":["GET"]}}],"collection":[{"href":"https:\/\/ortoger.pt\/index.php?rest_route=\/wp\/v2\/product"}],"about":[{"href":"https:\/\/ortoger.pt\/index.php?rest_route=\/wp\/v2\/types\/product"}],"replies":[{"embeddable":true,"href":"https:\/\/ortoger.pt\/index.php?rest_route=%2Fwp%2Fv2%2Fcomments&post=1028"}],"wp:featuredmedia":[{"embeddable":true,"href":"https:\/\/ortoger.pt\/index.php?rest_route=\/wp\/v2\/media\/1030"}],"wp:attachment":[{"href":"https:\/\/ortoger.pt\/index.php?rest_route=%2Fwp%2Fv2%2Fmedia&parent=1028"}],"wp:term":[{"taxonomy":"product_brand","embeddable":true,"href":"https:\/\/ortoger.pt\/index.php?rest_route=%2Fwp%2Fv2%2Fproduct_brand&post=1028"},{"taxonomy":"product_cat","embeddable":true,"href":"https:\/\/ortoger.pt\/index.php?rest_route=%2Fwp%2Fv2%2Fproduct_cat&post=1028"},{"taxonomy":"product_tag","embeddable":true,"href":"https:\/\/ortoger.pt\/index.php?rest_route=%2Fwp%2Fv2%2Fproduct_tag&post=1028"}],"curies":[{"name":"wp","href":"https:\/\/api.w.org\/{rel}","templated":true}]}}