{"id":1019,"date":"2023-07-13T16:10:25","date_gmt":"2023-07-13T16:10:25","guid":{"rendered":"https:\/\/ortoger.pt\/?post_type=product&#038;p=1019"},"modified":"2023-08-19T15:26:17","modified_gmt":"2023-08-19T15:26:17","slug":"banda-de-epicondilite","status":"publish","type":"product","link":"https:\/\/ortoger.pt\/?product=banda-de-epicondilite","title":{"rendered":"Banda de epicondilite"},"content":{"rendered":"<p>A banda para epicondilite em neoprene proporciona calor terap\u00eautico que alivia a dor e reduz o tempo de recupera\u00e7\u00e3o. O ciclo de calor interno \u00e9 mantido gra\u00e7as \u00e0s propriedades intr\u00ednsecas do neoprene . A sua tecnologia AirLock System gera canais no neoprene que permitem que as mol\u00e9culas do suor evaporem, permitindo que a pele respire.<\/p>\n","protected":false},"excerpt":{"rendered":"<p>A banda para epicondilite em neoprene proporciona calor terap\u00eautico que alivia a dor e reduz o tempo de recupera\u00e7\u00e3o. O ciclo de calor interno \u00e9 mantido gra\u00e7as \u00e0s propriedades intr\u00ednsecas do neoprene . A sua tecnologia AirLock System gera canais no neoprene que permitem que as mol\u00e9culas do suor evaporem, permitindo que a pele respire.<\/p>\n","protected":false},"featured_media":1020,"comment_status":"closed","ping_status":"closed","template":"","meta":{"_acf_changed":false,"jetpack_post_was_ever_published":false,"jetpack_publicize_message":"","jetpack_publicize_feature_enabled":true,"jetpack_social_post_already_shared":true,"jetpack_social_options":{"image_generator_settings":{"template":"highway","default_image_id":0,"font":"","enabled":false},"version":2}},"product_brand":[],"product_cat":[353],"product_tag":[243,245,244,223],"class_list":{"0":"post-1019","1":"product","2":"type-product","3":"status-publish","4":"has-post-thumbnail","6":"product_cat-membros-superiores","7":"product_tag-banda","8":"product_tag-cotovelo-de-tenista","9":"product_tag-epicondilite","10":"product_tag-ortotese","12":"first","13":"instock","14":"shipping-taxable","15":"product-type-simple"},"acf":[],"jetpack_publicize_connections":[],"jetpack_sharing_enabled":true,"_links":{"self":[{"href":"https:\/\/ortoger.pt\/index.php?rest_route=\/wp\/v2\/product\/1019","targetHints":{"allow":["GET"]}}],"collection":[{"href":"https:\/\/ortoger.pt\/index.php?rest_route=\/wp\/v2\/product"}],"about":[{"href":"https:\/\/ortoger.pt\/index.php?rest_route=\/wp\/v2\/types\/product"}],"replies":[{"embeddable":true,"href":"https:\/\/ortoger.pt\/index.php?rest_route=%2Fwp%2Fv2%2Fcomments&post=1019"}],"wp:featuredmedia":[{"embeddable":true,"href":"https:\/\/ortoger.pt\/index.php?rest_route=\/wp\/v2\/media\/1020"}],"wp:attachment":[{"href":"https:\/\/ortoger.pt\/index.php?rest_route=%2Fwp%2Fv2%2Fmedia&parent=1019"}],"wp:term":[{"taxonomy":"product_brand","embeddable":true,"href":"https:\/\/ortoger.pt\/index.php?rest_route=%2Fwp%2Fv2%2Fproduct_brand&post=1019"},{"taxonomy":"product_cat","embeddable":true,"href":"https:\/\/ortoger.pt\/index.php?rest_route=%2Fwp%2Fv2%2Fproduct_cat&post=1019"},{"taxonomy":"product_tag","embeddable":true,"href":"https:\/\/ortoger.pt\/index.php?rest_route=%2Fwp%2Fv2%2Fproduct_tag&post=1019"}],"curies":[{"name":"wp","href":"https:\/\/api.w.org\/{rel}","templated":true}]}}