{"id":1012,"date":"2023-07-13T15:15:44","date_gmt":"2023-07-13T15:15:44","guid":{"rendered":"https:\/\/ortoger.pt\/?post_type=product&#038;p=1012"},"modified":"2025-02-08T17:16:04","modified_gmt":"2025-02-08T17:16:04","slug":"banco-de-duche-redondo","status":"publish","type":"product","link":"https:\/\/ortoger.pt\/?product=banco-de-duche-redondo","title":{"rendered":"Banco de duche redondo"},"content":{"rendered":"<div class=\"col-md-6 col-12\">\n<div class=\"row\">\n<div class=\"col-md-10 col-12 mb-md-0 mb-3\">\n<div>\u00a0Facilita\/auxilia o duche de pessoas com mobilidade reduzida.<\/div>\n<div class=\"mb-3\">Ajust\u00e1vel em altura, em alum\u00ednio, assento de polietileno e ponteiras de borracha antiderrapante.<\/div>\n<\/div>\n<\/div>\n<\/div>\n<div class=\"col-md-6 col-12 mb-md-0 mb-3\">\n<div class=\"pl-60\">\n<div class=\"row\">\n<div class=\"col-md-6 col-12 mb-md-0 mb-3\">\n<p>&nbsp;<\/p>\n<p class=\"mb-3\"><strong>Carater\u00edsticas:<\/strong><\/p>\n<p class=\"mb-2\"><b>Dimens\u00f5es<\/b>: 35 x 35 x 36 &#8211; 53,5 cm.<\/p>\n<p class=\"mb-2\"><b>Cor<\/b>: Branco.<\/p>\n<p class=\"mb-2\"><b>Peso do artigo<\/b>: 3,000 Kg.<\/p>\n<\/div>\n<\/div>\n<\/div>\n<\/div>\n","protected":false},"excerpt":{"rendered":"<p>\u00a0Facilita\/auxilia o duche de pessoas com mobilidade reduzida. Ajust\u00e1vel em altura, em alum\u00ednio, assento de polietileno e ponteiras de borracha antiderrapante. &nbsp; Carater\u00edsticas: Dimens\u00f5es: 35 x 35 x 36 &#8211; 53,5 cm. Cor: Branco. Peso do artigo: 3,000 Kg.<\/p>\n","protected":false},"featured_media":1014,"comment_status":"closed","ping_status":"closed","template":"","meta":{"_acf_changed":false,"jetpack_post_was_ever_published":false,"jetpack_publicize_message":"","jetpack_publicize_feature_enabled":true,"jetpack_social_post_already_shared":true,"jetpack_social_options":{"image_generator_settings":{"template":"highway","default_image_id":0,"font":"","enabled":false},"version":2}},"product_brand":[],"product_cat":[836],"product_tag":[221,115,195,239],"class_list":{"0":"post-1012","1":"product","2":"type-product","3":"status-publish","4":"has-post-thumbnail","6":"product_cat-cadeira-sanitaria-e-ou-banho","7":"product_tag-aluminio","8":"product_tag-apoio","9":"product_tag-banho","10":"product_tag-redondo","12":"first","13":"instock","14":"shipping-taxable","15":"product-type-simple"},"acf":[],"jetpack_publicize_connections":[],"jetpack_sharing_enabled":true,"_links":{"self":[{"href":"https:\/\/ortoger.pt\/index.php?rest_route=\/wp\/v2\/product\/1012","targetHints":{"allow":["GET"]}}],"collection":[{"href":"https:\/\/ortoger.pt\/index.php?rest_route=\/wp\/v2\/product"}],"about":[{"href":"https:\/\/ortoger.pt\/index.php?rest_route=\/wp\/v2\/types\/product"}],"replies":[{"embeddable":true,"href":"https:\/\/ortoger.pt\/index.php?rest_route=%2Fwp%2Fv2%2Fcomments&post=1012"}],"wp:featuredmedia":[{"embeddable":true,"href":"https:\/\/ortoger.pt\/index.php?rest_route=\/wp\/v2\/media\/1014"}],"wp:attachment":[{"href":"https:\/\/ortoger.pt\/index.php?rest_route=%2Fwp%2Fv2%2Fmedia&parent=1012"}],"wp:term":[{"taxonomy":"product_brand","embeddable":true,"href":"https:\/\/ortoger.pt\/index.php?rest_route=%2Fwp%2Fv2%2Fproduct_brand&post=1012"},{"taxonomy":"product_cat","embeddable":true,"href":"https:\/\/ortoger.pt\/index.php?rest_route=%2Fwp%2Fv2%2Fproduct_cat&post=1012"},{"taxonomy":"product_tag","embeddable":true,"href":"https:\/\/ortoger.pt\/index.php?rest_route=%2Fwp%2Fv2%2Fproduct_tag&post=1012"}],"curies":[{"name":"wp","href":"https:\/\/api.w.org\/{rel}","templated":true}]}}